{"id":3847,"date":"2019-03-05T10:49:28","date_gmt":"2019-03-05T09:49:28","guid":{"rendered":"https:\/\/www.weindirekt.com\/weinshop\/?page_id=3847"},"modified":"2019-03-05T10:49:28","modified_gmt":"2019-03-05T09:49:28","slug":"zahlungsarten","status":"publish","type":"page","link":"https:\/\/www.weindirekt.com\/weinshop\/zahlungsarten\/","title":{"rendered":"Zahlungsarten"},"content":{"rendered":"<h2>PayPal<\/h2>\n<p>Mit PayPal k\u00f6nnen Sie bequem und sicher online bargeldlos bezahlen. Wenn Sie noch kein PayPal-Konto besitzen, k\u00f6nnen Sie sich dieses einmalig und kostenfrei hier erstellen. Dazu hinterlegen Sie dort Ihre Bank- und\/oder Kreditkarteninformationen und k\u00f6nnen nach der Verifizierung dieser Daten hier und auf zahlreichen Online-Angeboten mit Ihrer dort hinterlegten E-Mail-Adresse und Ihrem Passwort bezahlen.<br \/>\nPayPal sendet Ihnen f\u00fcr jede Bestellung eine Zahlungsbest\u00e4tigung. Im Falle von R\u00fccksendungen werden wir Ihnen den gutgeschriebenen Betrag wieder zur\u00fcck auf Ihr PayPal-Konto \u00fcberweisen.<\/p>\n<p>Mit PayPal gezahlte Bestellungen werden wir sofort bearbeiten.<\/p>\n<h2>\u00dcberweisung \/ Vorkasse<\/h2>\n<p>Als Neukunde bitten wir Sie, f\u00fcr Ihre ersten drei Bestellungen den Rechnungsbetrag vor Lieferung an uns zu \u00fcberweisen. Nach der Bestellung erhalten Sie unsere Rechnung, die Sie bitte binnen 7 Tagen auf folgedes Konto \u00fcberweisen:<\/p>\n<p>Bankverbindung:<br \/>\nWeingut Mustermann<br \/>\nVolksbank Hierundda<br \/>\nIBAN: DE12 1234 5678 9000 0000 0000<\/p>\n<p>Verwendungszweck: Bitte geben Sie hier die Bestellnummer an.<\/p>\n<p>Sobald der Rechnungsbetrag bei uns gutgeschrieben ist, nehmen wir umgehend die Lieferung vor. Hier\u00fcber erhalten Sie von uns eine separate Benachrichtigung \u00fcber die bei der Bestellung angegebene E-Mail.<\/p>\n<h2>Zahlung auf Rechnung<\/h2>\n<p>Als Stammkunde (mindestens drei Bestellungen) k\u00f6nnen Sie Ihren Kauf bequem auf Rechnung t\u00e4tigen. Die Lieferung erfolgt schnellstm\u00f6glich nach Ihrer Bestellung, sp\u00e4testens aber innerhalb des bei den Produkten jeweils angegebenen Zeitraums. Mit der Lieferung erhalten Sie auch unsere Rechnung. Bitte \u00fcberweisen Sie diese binnen 7 Tagen auf nachstehendes Konto:<\/p>\n<p>Bankverbindung:<br \/>\nWeingut Mustermann<br \/>\nVolksbank Hierundda<br \/>\nIBAN: DE12 1234 5678 9000 0000 0000<\/p>\n<p>Verwendungszweck: Bitte geben Sie hier die Bestell- oder Rechnungsnummer an.<\/p>\n<h2>Kreditkarten<\/h2>\n<p>Sie k\u00f6nnen Ihre Bestellungen auch mit Kreditkarten bezahlen. Wir akzeptieren Visa, MasterCard, American Express, CartaSi und Cartes Bancaires. Dabei werden alle Bestell- und Kreditkartendaten nur verschl\u00fcsselt \u00fcbermittelt. F\u00fcr die Zahlung per Kreditkarte ben\u00f6tigen wir Ihre Kartennummer, das G\u00fcltigkeitsdatum sowie die Pr\u00fcfziffer auf der Kartenr\u00fcckseite. Diese Ziffer befindet sich meistens in Ihrem Unterschriftenfeld und hat drei oder auch vier Stellen.<\/p>\n<p>Der Kaufpreis wird Ihnen mit Ihrer n\u00e4chsten Kreditkartenabrechnung von Ihrem Bankkonto abgebucht.<br \/>\nBei Zahlung per Kreditkarte dauert es ca. 5-7 Tage, bis Ihre Zahlung in unserem System gemeldet wird.<\/p>\n<h2>SEPA-Bank\u00fcberweisung<\/h2>\n<p>Wenn Sie die Zahlungart Bank\u00fcberweisung w\u00e4hlen, bekommen Sie nach dem Klick auf &#8222;Jetzt kaufen&#8220; die Bankverbindung unseres Zahlungsdienstleisters Mollie angezeigt. Hier k\u00f6nnen Sie die Angaben wie IBAN, BIC oder Verwendungszweck notieren und anschlie\u00dfend f\u00fcr Ihre \u00dcberweisung bei Ihrer Bank online oder analog verwenden. Alternativ k\u00f6nnen Sie mittels des angezeigten QR-Codes die \u00dcberweisung mit Hilfe einer Banking-App auf Ihrem Mobiltelefon ausf\u00fchren.<\/p>\n<p>Bitte f\u00fchren Sie die \u00dcberweisung binnen 7 Tagen nach Ihrer Bestellung aus. Die Zahlung wird Ihrem Konto belastet, sobald Sie die \u00dcberweisung vorgenommen haben. Sobald der Rechnungsbetrag bei uns gutgeschrieben ist, versenden wir innerhalb der angegebenen Zeit Ihre Bestellung.<\/p>\n<h2>Klarna<\/h2>\n<p>In unserem Shop steht Ihnen au\u00dferdem die Zahlung mit Klarna Sofort (\u00dcberweisung) zur Verf\u00fcgung. Damit erteilen Sie unseren Zahlungsdienstleister Mollie den Auftrag, mittels Klarna Sofort automatisiert zu pr\u00fcfen, ob Ihr Konto den zu \u00fcberweisenden Betrag abdeckt und eventuell andere Sofort \u00dcberweisungen innerhalb der letzten 30 Tage erfolgreich durchgef\u00fchrt werden konnten.<\/p>\n<p>Nach positivem Ergebnis \u00fcbermittelt Mollie \/ Klarna den \u00dcberweisungsauftrag elektronisch an Ihre Bank und informiert uns \u00fcber die erfolgreich ausgef\u00fchrte \u00dcberweisung. Der Rechnungsbetrag wird Ihrem Konto belastet, sobald Ihre Bank den \u00fcbermittelten \u00dcberweisungsauftrag ausgef\u00fchrt hat.<\/p>\n<p>Per Klarna Sofort gezahlte Bestellungen werden ca. 2-5 Tage nach \u00dcberweisungsdatum im System verarbeitet.<\/p>\n<h2>Lieferung per Nachnahme<\/h2>\n<p>Sie haben die M\u00f6glichkeit, Ihren Kauf auch direkt bei Auslieferung beim Paketzusteller zu bezahlen. Wir liefern mit DHL. Bitte halten Sie zum Zeitpunkt der Lieferung den bestellten Betrag in bar bereit oder zahlen Sie den Zusteller mittels EC- oder Geldkarte. F\u00fcr diesen Service erhebt DHL zur Zeit eine Geb\u00fchr von 4,40 EUR. Die H\u00f6he Warenwertes der per Nachnahme zustellbaren Waren betr\u00e4gt maximal 1.600,00 EUR. Aktuelle Bestimmungen zur Lieferung per DHL-Nachnahme finden Sie hier.<\/p>\n<h2>Barzahlung bei Abholung<\/h2>\n<p>Sie sind in unserer N\u00e4he? Dann freuen wir uns besonders auf Ihren Besuch in unserem Weingut! Ihre Bestellungen k\u00f6nnen Sie direkt ab Hof abholen und bei der Abholung in bar bezahlen. Bitte beachten Sie dabei unsere \u00d6ffnungszeiten oder vereinbaren Sie vorher einen konkreten Termin.<\/p>\n<p><a href=\"\/kontakt\/\">Jetzt Termin anfragen<\/a><\/p>\n","protected":false},"excerpt":{"rendered":"<p>PayPal Mit PayPal k\u00f6nnen Sie bequem und sicher online bargeldlos bezahlen. Wenn Sie noch kein PayPal-Konto besitzen, k\u00f6nnen Sie sich dieses einmalig und kostenfrei hier erstellen. Dazu hinterlegen Sie dort Ihre Bank- und\/oder Kreditkarteninformationen und k\u00f6nnen nach der Verifizierung dieser Daten hier und auf zahlreichen Online-Angeboten mit Ihrer dort hinterlegten E-Mail-Adresse und Ihrem Passwort bezahlen. [&hellip;]<\/p>\n","protected":false},"author":12,"featured_media":0,"parent":0,"menu_order":0,"comment_status":"closed","ping_status":"closed","template":"","meta":{"footnotes":""},"class_list":["post-3847","page","type-page","status-publish","hentry"],"_links":{"self":[{"href":"https:\/\/www.weindirekt.com\/weinshop\/wp-json\/wp\/v2\/pages\/3847","targetHints":{"allow":["GET"]}}],"collection":[{"href":"https:\/\/www.weindirekt.com\/weinshop\/wp-json\/wp\/v2\/pages"}],"about":[{"href":"https:\/\/www.weindirekt.com\/weinshop\/wp-json\/wp\/v2\/types\/page"}],"author":[{"embeddable":true,"href":"https:\/\/www.weindirekt.com\/weinshop\/wp-json\/wp\/v2\/users\/12"}],"replies":[{"embeddable":true,"href":"https:\/\/www.weindirekt.com\/weinshop\/wp-json\/wp\/v2\/comments?post=3847"}],"version-history":[{"count":1,"href":"https:\/\/www.weindirekt.com\/weinshop\/wp-json\/wp\/v2\/pages\/3847\/revisions"}],"predecessor-version":[{"id":3848,"href":"https:\/\/www.weindirekt.com\/weinshop\/wp-json\/wp\/v2\/pages\/3847\/revisions\/3848"}],"wp:attachment":[{"href":"https:\/\/www.weindirekt.com\/weinshop\/wp-json\/wp\/v2\/media?parent=3847"}],"curies":[{"name":"wp","href":"https:\/\/api.w.org\/{rel}","templated":true}]}}